{"id":14579,"date":"2014-03-28T17:04:46","date_gmt":"2014-03-28T17:04:46","guid":{"rendered":"http:\/\/demo.qodeinteractive.com\/bridge18\/?page_id=14579"},"modified":"2026-01-17T18:10:09","modified_gmt":"2026-01-17T17:10:09","slug":"impressum","status":"publish","type":"page","link":"https:\/\/cc-experts.de\/cms\/impressum\/","title":{"rendered":"Impressum"},"content":{"rendered":"<section class=\"wpb-content-wrapper\"><p>[vc_row css_animation=&#8220;element_from_fade&#8220; row_type=&#8220;row&#8220; use_row_as_full_screen_section=&#8220;no&#8220; type=&#8220;grid&#8220; angled_section=&#8220;no&#8220; text_align=&#8220;left&#8220; background_image_as_pattern=&#8220;without_pattern&#8220; background_color=&#8220;#f5f5f5&#8243; padding_top=&#8220;75&#8243; padding_bottom=&#8220;70&#8243;][vc_column][vc_column_text]<\/p>\n<h1 style=\"text-align: left;\">IMPRESSUM<\/h1>\n<p>[\/vc_column_text][vc_separator type=&#8220;small&#8220; position=&#8220;left&#8220; color=&#8220;#ec6602&#8243; width=&#8220;75&#8243; up=&#8220;18&#8243; down=&#8220;10&#8243;][vc_separator type=&#8220;transparent&#8220; up=&#8220;60&#8243; down=&#8220;8&#8243;][vc_column_text]<\/p>\n<h5><span style=\"color: #c10524; font-size: 15px; text-transform: uppercase; font-weight: 600;\">Diese Internetseite ist ein Angebot von:<\/span><\/h5>\n<p>[\/vc_column_text][vc_separator type=&#8220;transparent&#8220; up=&#8220;0&#8243; down=&#8220;5&#8243;][vc_column_text]cc experts<br \/>\nMarie-Theres Borlich<br \/>\nBrekling 50<br \/>\n24881 N\u00fcbel<\/p>\n<p>Telefon: +49 (0)175-2211030<br \/>\nEmail:<a href=\"mailto:kontakt@cc-experts.de\">\u00a0kontakt@cc-experts.de<\/a>[\/vc_column_text][vc_separator type=&#8220;transparent&#8220; up=&#8220;10&#8243; down=&#8220;50&#8243;][vc_column_text]<\/p>\n<h5><span style=\"color: #c10524; font-size: 15px; text-transform: uppercase; font-weight: 600;\">Umsatzsteuer-Identifikationsnummer gem\u00e4\u00df \u00a727 a Umsatzsteuergesetz<\/span><\/h5>\n<p>[\/vc_column_text][vc_separator type=&#8220;transparent&#8220; up=&#8220;0&#8243; down=&#8220;5&#8243;][vc_column_text]DE269772157[\/vc_column_text][vc_separator type=&#8220;transparent&#8220; up=&#8220;10&#8243; down=&#8220;30&#8243;][vc_column_text]<\/p>\n<h5><span style=\"color: #c10524; font-size: 15px; text-transform: uppercase; font-weight: 600;\">Berufsbezeichnung<\/span><\/h5>\n<p>[\/vc_column_text][vc_separator type=&#8220;transparent&#8220; up=&#8220;0&#8243; down=&#8220;5&#8243;][vc_column_text]Unternehmensberatung und systemisches Coaching[\/vc_column_text][vc_separator type=&#8220;transparent&#8220; up=&#8220;10&#8243; down=&#8220;30&#8243;][vc_column_text]<\/p>\n<h5><span style=\"color: #c10524; font-size: 15px; text-transform: uppercase; font-weight: 600;\">Versicherungen<\/span><\/h5>\n<p>[\/vc_column_text][vc_separator type=&#8220;transparent&#8220; up=&#8220;0&#8243; down=&#8220;5&#8243;][vc_column_text]Marie-Theres Borlich hat die folgenden Berufshaftpflichtversicherungen abgeschlossen:<\/p>\n<ul>\n<li>Verm\u00f6gensschaden-Haftpflichtversicherung<\/li>\n<li>B\u00fcrohaftpflichtversicherung<\/li>\n<\/ul>\n<p>Die Versicherung besteht bei der Allianz Versicherungs-AG, 10900 Berlin.<br \/>\nR\u00e4umlicher Geltungsbereich: im gesamten EU-Gebiet.[\/vc_column_text][vc_separator type=&#8220;transparent&#8220; up=&#8220;10&#8243; down=&#8220;30&#8243;][vc_column_text]<\/p>\n<h5><span style=\"color: #c10524; font-size: 15px; text-transform: uppercase; font-weight: 600;\">Verantwortlich f\u00fcr den Inhalt Dieser Website<\/span><\/h5>\n<p>[\/vc_column_text][vc_separator type=&#8220;transparent&#8220; up=&#8220;0&#8243; down=&#8220;5&#8243;][vc_column_text]Marie-Theres Borlich<br \/>\nBrekling 50<\/p>\n<p>24881 N\u00fcbel[\/vc_column_text][vc_separator type=&#8220;transparent&#8220; up=&#8220;10&#8243; down=&#8220;25&#8243;][\/vc_column][\/vc_row][vc_row css_animation=&#8220;element_from_fade&#8220; row_type=&#8220;row&#8220; use_row_as_full_screen_section=&#8220;yes&#8220; type=&#8220;grid&#8220; angled_section=&#8220;no&#8220; text_align=&#8220;left&#8220; background_image_as_pattern=&#8220;without_pattern&#8220; padding_bottom=&#8220;100&#8243; z_index=&#8220;&#8220;][vc_column][vc_column_text]<\/p>\n<h5><span style=\"color: #c10524; font-size: 15px; text-transform: uppercase; font-weight: 600;\">Haftungsausschluss (Legal Disclaimer)<\/span><\/h5>\n<p>[\/vc_column_text][vc_separator type=&#8220;transparent&#8220; up=&#8220;0&#8243; down=&#8220;30&#8243;][vc_column_text]<\/p>\n<h5 class=\"p1\"><span class=\"s1\"><b>Inhalte der Website<\/b><\/span><\/h5>\n<p class=\"p2\"><span class=\"s1\">Die Inhalte dieses Webauftritts werden mit gr\u00f6\u00dftm\u00f6glicher Sorgfalt erstellt. Wir \u00fcbernehmen jedoch keine Gew\u00e4hr f\u00fcr die Richtigkeit, Vollst\u00e4ndigkeit und Aktualit\u00e4t der bereitgestellten Inhalte.<\/span><\/p>\n<p>[\/vc_column_text][vc_separator type=&#8220;transparent&#8220; down=&#8220;30&#8243;][vc_column_text]<\/p>\n<h5 class=\"p1\"><span class=\"s1\"><b>Verf\u00fcgbarkeit der Website<\/b><\/span><\/h5>\n<p class=\"p2\"><span class=\"s1\">Wir sind bestrebt, unsere Website unterbrechungsfrei zum Abruf anzubieten. Auch bei aller Sorgfalt k\u00f6nnen aber Ausfallzeiten nicht ausgeschlossen werden. Wir behalten uns das Recht vor, unser<span class=\"Apple-converted-space\">\u00a0 <\/span>Angebot jederzeit zu \u00e4ndern oder einzustellen. F\u00fcr durch nicht fehlerfrei angelegte Dateien oder nicht fehlerfrei strukturierte Formate bedingte Unterbrechungen oder anderweitige St\u00f6rungen \u00fcbernehmen wir keine Gew\u00e4hr.<\/span><\/p>\n<p>[\/vc_column_text][vc_separator type=&#8220;transparent&#8220; down=&#8220;30&#8243;][vc_column_text]<\/p>\n<h5 class=\"p1\"><span class=\"s1\"><b>Hinweis zum Urheberrecht<\/b><\/span><\/h5>\n<p class=\"p2\"><span class=\"s1\">Alle Inhalte und Strukturen dieser Website sind urheber- und leistungsschutzrechtlich gesch\u00fctzt. Die Ver\u00f6ffentlichung im World Wide Web oder in sonstigen Diensten des Internets bedeutet noch keine Einverst\u00e4ndniserkl\u00e4rung f\u00fcr eine anderweitige Nutzung durch Dritte. Jede vom deutschen Urheberrecht nicht zugelassene Verwertung bedarf der vorherigen schriftlichen Zustimmung durch uns.<\/span><\/p>\n<p class=\"p2\"><span class=\"s1\">Das Zitieren der bereitgestellten Inhalte und Dokumente sowie das Setzen von Links auf diese Website sind ausdr\u00fccklich erlaubt, solange kenntlich gemacht wird, dass es sich um Inhalte des Webauftritts von cc experts handelt und diese Inhalte nicht in Verbindung mit Inhalten Dritter gebracht werden, die unseren Interessen widersprechen.<\/span><\/p>\n<p>[\/vc_column_text][vc_separator type=&#8220;transparent&#8220; down=&#8220;30&#8243;][vc_column_text]<\/p>\n<h5 class=\"p1\"><span class=\"s1\"><b>Hinweis zur Verwendung externer Links<\/b><\/span><\/h5>\n<p class=\"p2\"><span class=\"s1\">Wir sind f\u00fcr eigene Inhalte, die wir zur Nutzung bereithalten, nach den allgemeinen Gesetzen verantwortlich. Von diesen eigenen Inhalten sind Querverweise (Links) auf die von anderen Anbieter:innen bereitgehaltenen Inhalte zu unterscheiden. Durch den Querverweis h\u00e4lt cc experts insofern fremde Inhalte zur Nutzung bereit, die als Link gekennzeichnet sind.<\/span><\/p>\n<p class=\"p2\"><span class=\"s1\">Bei Links handelt es sich um dynamische Verweisungen. Wir haben bei der erstmaligen Verkn\u00fcpfung zwar den fremden Inhalt daraufhin \u00fcberpr\u00fcft, ob durch ihn eine m\u00f6gliche zivilrechtliche oder strafrechtliche Verantwortlichkeit ausgel\u00f6st wird. Wir \u00fcberpr\u00fcfen aber die Inhalte, auf die wir in unserem Angebot verweisen, nicht st\u00e4ndig auf Ver\u00e4nderungen, die eine Verantwortlichkeit neu begr\u00fcnden k\u00f6nnten. Wenn wir feststellen oder von anderen darauf hingewiesen werden, dass ein konkretes Angebot, zu dem wir einen Link bereitgestellt haben, eine zivil- oder strafrechtliche Verantwortlichkeit ausl\u00f6st, werden wir den Verweis auf dieses Angebot unverz\u00fcglich aufheben.<\/span><\/p>\n<p>[\/vc_column_text][vc_separator type=&#8220;transparent&#8220; down=&#8220;30&#8243;][\/vc_column][\/vc_row]<\/p>\n<\/section>","protected":false},"excerpt":{"rendered":"<p>[vc_row css_animation=&#8220;element_from_fade&#8220; row_type=&#8220;row&#8220; use_row_as_full_screen_section=&#8220;no&#8220; type=&#8220;grid&#8220; angled_section=&#8220;no&#8220; text_align=&#8220;left&#8220; background_image_as_pattern=&#8220;without_pattern&#8220; background_color=&#8220;#f5f5f5&#8243; padding_top=&#8220;75&#8243; padding_bottom=&#8220;70&#8243;][vc_column][vc_column_text] IMPRESSUM [\/vc_column_text][vc_separator type=&#8220;small&#8220; position=&#8220;left&#8220; color=&#8220;#ec6602&#8243; width=&#8220;75&#8243; up=&#8220;18&#8243; down=&#8220;10&#8243;][vc_separator type=&#8220;transparent&#8220; up=&#8220;60&#8243; down=&#8220;8&#8243;][vc_column_text] Diese Internetseite ist ein Angebot von: [\/vc_column_text][vc_separator type=&#8220;transparent&#8220; up=&#8220;0&#8243; down=&#8220;5&#8243;][vc_column_text]cc experts Marie-Theres Borlich Brekling 50 24881 N\u00fcbel Telefon: +49 (0)175-2211030 Email:\u00a0kontakt@cc-experts.de[\/vc_column_text][vc_separator type=&#8220;transparent&#8220; up=&#8220;10&#8243;&#8230;<\/p>\n","protected":false},"author":1,"featured_media":0,"parent":0,"menu_order":0,"comment_status":"open","ping_status":"closed","template":"full_width.php","meta":{"inline_featured_image":false,"footnotes":""},"class_list":["post-14579","page","type-page","status-publish","hentry"],"_links":{"self":[{"href":"https:\/\/cc-experts.de\/cms\/wp-json\/wp\/v2\/pages\/14579"}],"collection":[{"href":"https:\/\/cc-experts.de\/cms\/wp-json\/wp\/v2\/pages"}],"about":[{"href":"https:\/\/cc-experts.de\/cms\/wp-json\/wp\/v2\/types\/page"}],"author":[{"embeddable":true,"href":"https:\/\/cc-experts.de\/cms\/wp-json\/wp\/v2\/users\/1"}],"replies":[{"embeddable":true,"href":"https:\/\/cc-experts.de\/cms\/wp-json\/wp\/v2\/comments?post=14579"}],"version-history":[{"count":77,"href":"https:\/\/cc-experts.de\/cms\/wp-json\/wp\/v2\/pages\/14579\/revisions"}],"predecessor-version":[{"id":19616,"href":"https:\/\/cc-experts.de\/cms\/wp-json\/wp\/v2\/pages\/14579\/revisions\/19616"}],"wp:attachment":[{"href":"https:\/\/cc-experts.de\/cms\/wp-json\/wp\/v2\/media?parent=14579"}],"curies":[{"name":"wp","href":"https:\/\/api.w.org\/{rel}","templated":true}]}}